{"id":1942,"date":"2025-08-23T22:11:03","date_gmt":"2025-08-23T20:11:03","guid":{"rendered":"https:\/\/azalem.com\/?page_id=1942"},"modified":"2026-02-22T21:28:02","modified_gmt":"2026-02-22T20:28:02","slug":"declaracion-de-accesibilidad","status":"publish","type":"page","link":"https:\/\/azalem.com\/en\/declaracion-de-accesibilidad\/","title":{"rendered":"Accessibility Statement"},"content":{"rendered":"<div class=\"wp-block-stackable-text stk-block-text stk-block stk-f5bd498\" data-block-id=\"f5bd498\"><p class=\"stk-block-text__text\">MEL AZALEM S.L.<strong>&nbsp;<\/strong>is committed to ensuring the accessibility of its website in accordance with&nbsp;<a href=\"http:\/\/www.boe.es\/diario_boe\/txt.php?id=BOE-A-2018-12699\" target=\"_blank\" rel=\"noopener\">Royal Decree 1112\/2018 of 7 September, on the accessibility of websites and mobile applications in the public sector.<\/a><\/p><\/div>\n\n\n\n<p>This website applies the requirements of&nbsp;<a href=\"https:\/\/administracionelectronica.gob.es\/PAe\/accesibilidad\/une-en-301549-2019.pdf\" target=\"_blank\" rel=\"noopener\">Standard UNE-EN 301549:2019<\/a>, taking into account the exceptions set out in Royal Decree 1112\/2018.<\/p>\n\n\n\n<p>The website has been designed with a responsive layout and is optimised for viewing on tablets and mobile devices. It is compatible with the latest versions of Chrome for Mobile, Firefox for Mobile, Safari Mobile, Opera Mini, and the native Android browser.<\/p>\n\n\n\n<p>The most recent accessibility review was carried out in August 2023.<\/p>\n\n\n\n<h2 class=\"wp-block-heading has-medium-font-size\"><strong>COMLIANCE STATUS<\/strong><\/h2>\n\n\n\n<p>The website of MEL AZALEM S.L.<strong>&nbsp;<\/strong>&nbsp;is&nbsp;<strong>partially compliant&nbsp;<\/strong>with Royal Decree 1112\/2018 due to the exceptions and the non-compliance aspects indicated below.<\/p>\n\n\n\n<h2 class=\"wp-block-heading has-medium-font-size\"><strong>NON-ACCESSIBLE CONTENT&nbsp;<\/strong><\/h2>\n\n\n\n<p>Non-compliance with Royal Decree 1112\/2018<\/p>\n\n\n\n<p>The content listed below is not accessible for the following reasons (all of which are currently under review and will be improved in future versions of the website):<\/p>\n\n\n\n<p>-&nbsp;<\/p>\n\n\n\n<ul class=\"wp-block-list\">\n<li>Occasional editing errors may exist on certain web pages.<\/li>\n\n\n\n<li>Some images on the website may not be correctly marked as decorative.<\/li>\n<\/ul>\n\n\n\n<p>Disproportionate burden: not applicable.<\/p>\n\n\n\n<p>Certain content may fall outside the scope of applicable legislation.<\/p>\n\n\n\n<h2 class=\"wp-block-heading has-medium-font-size\"><strong>PREPARATION OF THIS ACCESSIBILITY STATEMENT&nbsp;<\/strong><\/h2>\n\n\n\n<p>La presente declaraci\u00f3n fue preparada el 19 de agosto de 2023.<\/p>\n\n\n\n<p>El m\u00e9todo empleado para preparar la declaraci\u00f3n ha sido una autoevaluaci\u00f3n llevada a cabo por la propia empresa.&nbsp;<\/p>\n\n\n\n<p>\u00daltima revisi\u00f3n de la declaraci\u00f3n 23 de agosto de 2023.<\/p>\n\n\n\n<h2 class=\"wp-block-heading has-medium-font-size\"><strong>OBSERVACIONES Y DATOS DE CONTACTO.&nbsp;<\/strong><\/h2>\n\n\n\n<p>Puede realizar comunicaciones sobre requisitos de accesibilidad (art\u00edculo 10.2.a) del RD 1112\/2018) como, por ejemplo:<\/p>\n\n\n\n<ul class=\"wp-block-list\">\n<li>Informar sobre cualquier posible incumplimiento por parte de este sitio web.<\/li>\n\n\n\n<li>Transmitir otras dificultades de acceso al contenido.<\/li>\n\n\n\n<li>Formular cualquier otra consulta o sugerencia de mejora relativa a la accesibilidad del sitio web a trav\u00e9s del correo info@transcerealescruz.com<\/li>\n<\/ul>\n\n\n\n<p>Puede presentar:<\/p>\n\n\n\n<ul class=\"wp-block-list\">\n<li>Una queja relativa al cumplimiento de los requisitos del RD 1112\/2018<\/li>\n\n\n\n<li>Una solicitud de informaci\u00f3n accesible relativa a:\n<ol class=\"wp-block-list\">\n<li>Contenidos que est\u00e1n excluidos del \u00e1mbito de aplicaci\u00f3n del RD 1112\/2018 seg\u00fan lo establecido por el art\u00edculo 3, apartado 4.<\/li>\n\n\n\n<li>Contenidos que est\u00e1n exentos del cumplimiento de los requisitos de accesibilidad por imponer una carga desproporcionada.<\/li>\n<\/ol>\n<\/li>\n<\/ul>\n\n\n\n<p>En la solicitud de informaci\u00f3n accesible, se debe concretar, con toda claridad, los hechos, razones y petici\u00f3n que permitan constatar que se trata de una solicitud razonable y leg\u00edtima.<\/p>\n\n\n\n<p>Si una vez realizada una solicitud de informaci\u00f3n accesible o queja, esta hubiera sido desestimada, no se estuviera de acuerdo con la decisi\u00f3n adoptada, o la respuesta no cumpliera los requisitos contemplados en el art\u00edculo 12.5, la persona interesada podr\u00e1 iniciar una reclamaci\u00f3n. Igualmente se podr\u00e1 iniciar una reclamaci\u00f3n en el caso de que haya transcurrido el plazo de veinte d\u00edas h\u00e1biles sin haber obtenido respuesta. La reclamaci\u00f3n puede ser presentada trav\u00e9s de la&nbsp;<a href=\"https:\/\/serviciosede.mineco.gob.es\/FB\/Home.aspx?control=161_IG\" target=\"_blank\" rel=\"noopener\">Instancia Gen\u00e9rica de la sede electr\u00f3nica del Ministerio de Asuntos Econ\u00f3micos y Transformaci\u00f3n Digital<\/a>, as\u00ed como en el resto de opciones recogidas en la Ley 39\/ 2015, de 1 de octubre, del Procedimiento Administrativo Com\u00fan de las Administraciones P\u00fablicas. Las reclamaciones ser\u00e1n recibidas y tratadas por la Subdirecci\u00f3n General de Inspecci\u00f3n de Servicios del Ministerio.<\/p>","protected":false},"excerpt":{"rendered":"<p>MEL AZALEM S.L.&nbsp;se ha comprometido a hacer accesible su sitio web de conformidad con el&nbsp;Real Decreto 1112\/2018, de 7 de septiembre, sobre accesibilidad de los sitios web y aplicaciones para dispositivos m\u00f3viles del sector p\u00fablico. Este sitio web aplica los requisitos de la&nbsp;Norma UNE-EN 301549:2019, considerando las excepciones del RD 1112\/2018. El sitio web est\u00e1 [&hellip;]<\/p>\n","protected":false},"author":1,"featured_media":0,"parent":0,"menu_order":0,"comment_status":"closed","ping_status":"closed","template":"","meta":{"footnotes":""},"class_list":["post-1942","page","type-page","status-publish","hentry"],"blocksy_meta":[],"_links":{"self":[{"href":"https:\/\/azalem.com\/en\/wp-json\/wp\/v2\/pages\/1942","targetHints":{"allow":["GET"]}}],"collection":[{"href":"https:\/\/azalem.com\/en\/wp-json\/wp\/v2\/pages"}],"about":[{"href":"https:\/\/azalem.com\/en\/wp-json\/wp\/v2\/types\/page"}],"author":[{"embeddable":true,"href":"https:\/\/azalem.com\/en\/wp-json\/wp\/v2\/users\/1"}],"replies":[{"embeddable":true,"href":"https:\/\/azalem.com\/en\/wp-json\/wp\/v2\/comments?post=1942"}],"version-history":[{"count":6,"href":"https:\/\/azalem.com\/en\/wp-json\/wp\/v2\/pages\/1942\/revisions"}],"predecessor-version":[{"id":2053,"href":"https:\/\/azalem.com\/en\/wp-json\/wp\/v2\/pages\/1942\/revisions\/2053"}],"wp:attachment":[{"href":"https:\/\/azalem.com\/en\/wp-json\/wp\/v2\/media?parent=1942"}],"curies":[{"name":"wp","href":"https:\/\/api.w.org\/{rel}","templated":true}]}}