{"id":1941,"date":"2025-08-23T22:11:03","date_gmt":"2025-08-23T20:11:03","guid":{"rendered":"https:\/\/azalem.com\/?page_id=1941"},"modified":"2025-08-23T22:25:44","modified_gmt":"2025-08-23T20:25:44","slug":"politica-de-privacidad","status":"publish","type":"page","link":"https:\/\/azalem.com\/en\/politica-de-privacidad\/","title":{"rendered":"Privacy Policy"},"content":{"rendered":"\n<div class=\"wp-block-stackable-text stk-block-text stk-block stk-94f09f8\" data-block-id=\"94f09f8\"><p class=\"stk-block-text__text\">De acuerdo con lo establecido por el&nbsp;<strong>Reglamento (UE) 2016\/679 del Parlamento Europeo y del Consejo, de 27 de abril de 2016, relativo a la protecci\u00f3n de las personas f\u00edsicas en lo que respecta al tratamiento de datos personales<\/strong>&nbsp;y a la libre circulaci\u00f3n de estos datos&nbsp;<strong>(RGPD)<\/strong>, y la&nbsp;<strong>Ley Org\u00e1nica 3\/2018<\/strong>, de 5 de diciembre, de Protecci\u00f3n de Datos Personales y garant\u00eda de los derechos digitales&nbsp;<strong>(LOPDGDD)<\/strong>&nbsp;le informamos sobre nuestra Pol\u00edtica de Privacidad.<\/p><\/div>\n\n\n\n<p>La presente pol\u00edtica de privacidad es aplicable al Sitio Web<br>(www.azalem.com) MEL AZALEM S.L. El acceso y uso del mismo, ya sea para navegar por sus p\u00e1ginas o para formalizar una reserva online, otorga la condici\u00f3n de Usuario al visitante del Sito Web. Acci\u00f3n que implica la total aceptaci\u00f3n, sin reservas, por parte del Usuario de estas condiciones de uso. En caso de no aceptaci\u00f3n, rogamos no utilice la Web.<\/p>\n\n\n\n<p>Es por ello, que antes de empezar a usar nuestro Sitio Web deber\u00e1 leer el Aviso legal, la Pol\u00edtica de Privacidad, Pol\u00edtica de cookies, las condiciones generales de contrataci\u00f3n y cualquier otro texto legal que regule su uso y que podr\u00e1 consultar en el pie del Sitio Web.<\/p>\n\n\n\n<p>Si durante el acceso al Sitio Web se requieren Datos Personales para poder prestarle nuestros servicios se har\u00e1 de acuerdo a las siguientes premisas:<\/p>\n\n\n\n<p>La totalidad de tratamientos de datos son realizados en nombre del responsable de tratamiento, cuyos datos identificativos son los siguientes:<\/p>\n\n\n\n<ul class=\"wp-block-list\">\n<li>Titular: MEL AZALEM S.L.<\/li>\n\n\n\n<li>NIF\/CIF:\u00a0<strong>B75533216\u00a0<\/strong><\/li>\n\n\n\n<li>Domicilio social: C\/ San Sebasti\u00e1n n\u00ba8, 37003 [Salamanca], Espa\u00f1a<\/li>\n\n\n\n<li>Correo electr\u00f3nico:\u00a0<a href=\"https:\/\/transcerealescruz.com\/info@transcerealescruz.com\" target=\"_blank\" rel=\"noopener\">azalem@azalem.com<\/a><\/li>\n\n\n\n<li>Tel\u00e9fono: 606 36 33 84<\/li>\n<\/ul>\n\n\n\n<p><strong>1. RECOGIDA DE DATOS, FINALIDADES DEL TRATAMIENTO Y LEGITIMACI\u00d3N<\/strong><\/p>\n\n\n\n<p>Durante el proceso de recogida de Datos Personales en los diferentes formularios de nuestro Sitio Web se le indicar\u00e1 que informaci\u00f3n es obligatoria para completar el proceso. En caso de no facilitarla no nos ser\u00e1 posible prestarle el servicio o facilitarle el acceso a determinadas funcionalidades implementadas en el Sitio Web.<\/p>\n\n\n\n<p>Al rellenar el Usuario estos formularios de recogida de Datos Personales autoriza expresamente al titular del Sitio Web para el uso de sus datos con las finalidades abajo indicadas.<\/p>\n\n\n\n<p>Es responsabilidad del Usuario proporcionar datos exactos y ciertos, as\u00ed como comunicar cualquier cambio o modificaci\u00f3n de los mismos.<\/p>\n\n\n\n<p>Las finalidades de la recogida de sus Datos Personales son las siguientes:<\/p>\n\n\n\n<ul class=\"wp-block-list\">\n<li><em>Facilitar informaci\u00f3n<\/em>, en respuesta a las consultas web realizadas a trav\u00e9s de los canales habilitados en dicha web (Formulario web, mail, WhatsApp, tel\u00e9fono).<\/li>\n\n\n\n<li><em>Gestionar su reserva<\/em>\u00a0de nuestros servicios desde el apartado espec\u00edfico de reservas de nuestra web.<\/li>\n\n\n\n<li>Remitirle\u00a0<em>informaci\u00f3n comercial<\/em>\u00a0que consideremos de su inter\u00e9s tras autorizarnos expresamente en cualquiera de los formularios facilitados por nuestra empresa que usted ha rellenado. Le recordamos que usted en cualquier momento y desde las propias comunicaciones podr\u00e1 darse de baja. Las comunicaciones comerciales que reciba ser\u00e1n siempre en relaci\u00f3n a los productos o servicios propios de nuestra empresa.<\/li>\n<\/ul>\n\n\n\n<p>La&nbsp;<strong>base jur\u00eddica<\/strong>&nbsp;para el tratamiento de sus datos es la ejecuci\u00f3n del contrato de reserva de nuestros servicios, el consentimiento inequ\u00edvoco que manifiesta al aceptar la pol\u00edtica de privacidad y el env\u00edo de comunicaciones comerciales.<\/p>\n\n\n\n<p><strong>2. CONSERVACI\u00d3N DE LA INFORMACI\u00d3N<\/strong><\/p>\n\n\n\n<p>Se informa al Usuario de que, en cumplimiento del principio de limitaci\u00f3n del plazo de conservaci\u00f3n, los datos recogidos ser\u00e1n tratados \u00fanica y exclusivamente durante el tiempo necesario y para las finalidades para las que se hayan recabado en cada momento. Ser\u00e1n pues mantenidos de forma que se permita la identificaci\u00f3n de los interesados durante no m\u00e1s tiempo del necesario para los fines del tratamiento de los datos personales y el cumplimiento de la normativa legal aplicable en este caso.<\/p>\n\n\n\n<p><strong>3. CESI\u00d3N DE LOS DATOS PERSONALES<\/strong><\/p>\n\n\n\n<p>Para cumplir las finalidades indicadas en el punto 1 de la Pol\u00edtica de Privacidad, puede resultar necesario que comuniquemos o cedamos sus Datos Personales a terceras entidades que nos presten servicios de soporte para poderle ofrecer correctamente nuestro servicio o bien a terceras empresas para la prestaci\u00f3n de servicios adicionales solicitados y autorizados por usted. Entre estas entidades se encuentran empresas de transporte, proveedores de servicios tecnol\u00f3gicos y entidades financieras para la gesti\u00f3n de pago de nuestros servicios.<\/p>\n\n\n\n<p>En algunos casos, como puede ser el de los proveedores tecnol\u00f3gicos, dichas entidades se encuentran fuera de la Uni\u00f3n Europea, verificando que nuestros proveedores se encuentran adheridos al \u201cPrivacy Shield\u201d, u otros pa\u00edses o territorios situados fuera del Espacio Econ\u00f3mico Europeo, con un nivel adecuado de protecci\u00f3n. Al aceptar esta Pol\u00edtica de Privacidad, usted nos autoriza expresamente a tratar y comunicar sus Datos Personales a estas terceras entidades y\/o a transferir sus Datos Personales a los referidos prestadores de servicios ubicados fuera del Espacio Econ\u00f3mico Europeo para las finalidades aqu\u00ed descritas.<\/p>\n\n\n\n<p><strong>4. DERECHOS DE PROTECCI\u00d3N DE DATOS<\/strong><\/p>\n\n\n\n<p>En cualquier momento podr\u00e1 ejercer sus derechos de acceso, rectificaci\u00f3n, cancelaci\u00f3n y oposici\u00f3n mediante el env\u00edo de un correo electr\u00f3nico a:\u00a0<a href=\"https:\/\/transcerealescruz.com\/info@transcerealescruz.com\" target=\"_blank\" rel=\"noopener\">azalem@azalem.com<\/a>, indic\u00e1ndonos el motivo de su solicitud. Le recordamos que estos derechos \u00fanicamente podr\u00e1n ser ejercitados por el propio interesado, por lo que podemos solicitarle copia de su DNI, pasaporte u otro documento v\u00e1lido que lo identifique.<\/p>\n\n\n\n<p><strong>5. RESPONSABLE DE PROTECCI\u00d3N DE DATOS<\/strong><\/p>\n\n\n\n<p>Los datos de car\u00e1cter personal que se pudieran recabar directamente del interesado ser\u00e1n tratados de forma confidencial por parte de nuestro responsable, y quedar\u00e1n incorporados a la correspondiente actividad de las empresa MEL AZALEM S.L. cuya relaci\u00f3n de actividades para todas ellas aparece reconocida a lo largo de esta pol\u00edtica de privacidad y reiter\u00e1ndose en todo momento los derechos de acceso, rectificaci\u00f3n, cancelaci\u00f3n y oposici\u00f3n que se reconocen en la LOPDGDD.<\/p>\n\n\n\n<p>En cualquier caso, cualquier tipo de comunicaci\u00f3n o consulta con el responsable de protecci\u00f3n de datos, se realizar\u00e1 a trav\u00e9s del correo\u00a0<a href=\"https:\/\/transcerealescruz.com\/info@transcerealescruz.com\" target=\"_blank\" rel=\"noopener\">azalem@azalem.com<\/a>.<\/p>\n\n\n\n<p><strong>6. MEDIDAS DE SEGURIDAD<\/strong><\/p>\n\n\n\n<p>Nos comprometemos a garantizar el deber de secreto y confidencialidad en el tratamiento de los datos personales, adoptando los niveles de seguridad de protecci\u00f3n de los datos de car\u00e1cter personal legalmente requeridos, e instalando todos los medios y medidas t\u00e9cnicas a su alcance para evitar la p\u00e9rdida, mal uso, alteraci\u00f3n, acceso no autorizado y robo de los mismos.<\/p>\n\n\n\n<p><strong>7. CAMBIO NORMATIVA<\/strong><\/p>\n\n\n\n<p>MEL AZALEM S.L. se reserva el derecho de modificar la presente pol\u00edtica con el objeto de adaptarla a las novedades legislativas o jurisprudenciales.<\/p>\n","protected":false},"excerpt":{"rendered":"<p>De acuerdo con lo establecido por el&nbsp;Reglamento (UE) 2016\/679 del Parlamento Europeo y del Consejo, de 27 de abril de 2016, relativo a la protecci\u00f3n de las personas f\u00edsicas en lo que respecta al tratamiento de datos personales&nbsp;y a la libre circulaci\u00f3n de estos datos&nbsp;(RGPD), y la&nbsp;Ley Org\u00e1nica 3\/2018, de 5 de diciembre, de Protecci\u00f3n [&hellip;]<\/p>\n","protected":false},"author":1,"featured_media":0,"parent":0,"menu_order":0,"comment_status":"closed","ping_status":"closed","template":"","meta":{"footnotes":""},"class_list":["post-1941","page","type-page","status-publish","hentry"],"blocksy_meta":[],"_links":{"self":[{"href":"https:\/\/azalem.com\/en\/wp-json\/wp\/v2\/pages\/1941","targetHints":{"allow":["GET"]}}],"collection":[{"href":"https:\/\/azalem.com\/en\/wp-json\/wp\/v2\/pages"}],"about":[{"href":"https:\/\/azalem.com\/en\/wp-json\/wp\/v2\/types\/page"}],"author":[{"embeddable":true,"href":"https:\/\/azalem.com\/en\/wp-json\/wp\/v2\/users\/1"}],"replies":[{"embeddable":true,"href":"https:\/\/azalem.com\/en\/wp-json\/wp\/v2\/comments?post=1941"}],"version-history":[{"count":3,"href":"https:\/\/azalem.com\/en\/wp-json\/wp\/v2\/pages\/1941\/revisions"}],"predecessor-version":[{"id":1956,"href":"https:\/\/azalem.com\/en\/wp-json\/wp\/v2\/pages\/1941\/revisions\/1956"}],"wp:attachment":[{"href":"https:\/\/azalem.com\/en\/wp-json\/wp\/v2\/media?parent=1941"}],"curies":[{"name":"wp","href":"https:\/\/api.w.org\/{rel}","templated":true}]}}