{"id":1635,"date":"2025-01-21T11:48:07","date_gmt":"2025-01-21T10:48:07","guid":{"rendered":"https:\/\/azalem.com\/?page_id=1635"},"modified":"2026-02-22T21:15:55","modified_gmt":"2026-02-22T20:15:55","slug":"melaza","status":"publish","type":"page","link":"https:\/\/azalem.com\/en\/melaza\/","title":{"rendered":"Molasses"},"content":{"rendered":"<div class=\"wp-block-stackable-columns alignfull stk-block-columns stk-block stk-c95f235\" data-block-id=\"c95f235\"><style>.stk-c95f235 {align-items:flex-start !important;margin-top:-15px !important;margin-bottom:var(--stk--preset--spacing--50, 1.5rem) !important;display:flex !important;}@media screen and (max-width:689px){.stk-c95f235 {padding-top:15px !important;padding-right:15px !important;padding-bottom:15px !important;padding-left:15px !important;}}<\/style><div class=\"stk-row stk-inner-blocks stk-block-content stk-content-align stk-c95f235-column\">\n<div class=\"wp-block-stackable-column stk-block-column stk-column stk-block stk-c3d8a87\" data-v=\"4\" data-block-id=\"c3d8a87\"><div class=\"stk-column-wrapper stk-block-column__content stk-container stk-c3d8a87-container stk--no-background stk--no-padding\"><div class=\"has-text-align-left stk-block-content stk-inner-blocks stk-c3d8a87-inner-blocks\">\n<div class=\"wp-block-stackable-heading stk-block-heading stk-block-heading--v2 stk-block stk-fd5d0e9\" id=\"nuestra-melaza\" data-block-id=\"fd5d0e9\"><h2 class=\"stk-block-heading__text has-text-align-center\">Our Sugar Cane Molasses<\/h2><\/div>\n\n\n\n<div class=\"wp-block-stackable-heading stk-block-heading stk-block-heading--v2 stk-block stk-fef93fa\" id=\"heading-placeholder\" data-block-id=\"fef93fa\"><style>.stk-fef93fa {margin-bottom:12px !important;}.stk-fef93fa .stk-block-heading__text{font-size:24px !important;}@media screen and (max-width:999px){.stk-fef93fa .stk-block-heading__text{font-size:24px !important;}}<\/style><h3 class=\"stk-block-heading__text\">Premium Quality<\/h3><\/div>\n\n\n\n<div class=\"wp-block-stackable-text stk-block-text stk-block stk-c6feb3e\" data-block-id=\"c6feb3e\"><p class=\"stk-block-text__text has-text-align-justify\">At Azalem, we are the exclusive distributors of the only producer <strong>of sugar cane molasses in Europe<\/strong>. Our product is a dense, dark syrup manufactured <strong>under strict quality standards<\/strong> and free from allergens or contaminants, naturally preserving its richness in sugars and minerals.<\/p><\/div>\n\n\n\n<div class=\"wp-block-stackable-text stk-block-text stk-block stk-d15621d\" data-block-id=\"d15621d\"><p class=\"stk-block-text__text has-text-align-justify\">With a <strong>minimum sucrose content of 38%<\/strong> and a purity <strong>exceeding 73\u00b0 Brix<\/strong>, our molasses provides a consistent source of energy and flavour, making it ideal for a wide range of applications <strong>We supply clients across diverse sectors, including animal nutrition and the food industry, adapting our delivery formats to meet their operational needs, whether in full tanker loads or 1,000-litre IBCs<\/strong>.<\/p><\/div>\n\n\n\n<div class=\"wp-block-stackable-text stk-block-text stk-block stk-eefcbe7\" data-block-id=\"eefcbe7\"><p class=\"stk-block-text__text has-text-align-justify\">Our experience and rigorous quality control ensure <strong>a safe, homogeneous product with excellent performance,<\/strong>positioning us as a trusted reference in the European market.<\/p><\/div>\n<\/div><\/div><\/div>\n\n\n\n<div class=\"wp-block-stackable-column stk-block-column stk-column stk-block stk-19b0a7f\" data-v=\"4\" data-block-id=\"19b0a7f\"><div class=\"stk-column-wrapper stk-block-column__content stk-container stk-19b0a7f-container stk--no-background stk--no-padding\"><div class=\"has-text-align-center stk-block-content stk-inner-blocks stk-19b0a7f-inner-blocks\">\n<div class=\"wp-block-stackable-image stk-block-image stk-block stk-6b27066\" data-block-id=\"6b27066\"><style>.stk-6b27066 .stk-img-wrapper{aspect-ratio:1\/1 !important;height:auto !important;}@media screen and (max-width:999px){.stk-6b27066 .stk-img-wrapper{height:auto !important;}}@media screen and (max-width:689px){.stk-6b27066 .stk-img-wrapper{height:auto !important;}}<\/style><figure><span class=\"stk-img-wrapper stk-image--shape-stretch\"><img loading=\"lazy\" decoding=\"async\" class=\"stk-img wp-image-1753\" src=\"https:\/\/azalem.com\/wp-content\/uploads\/2025\/08\/Foto-Melaza-Unsplash--scaled.jpg\" width=\"1707\" height=\"2560\" srcset=\"https:\/\/azalem.com\/wp-content\/uploads\/2025\/08\/Foto-Melaza-Unsplash--scaled.jpg 1707w, https:\/\/azalem.com\/wp-content\/uploads\/2025\/08\/Foto-Melaza-Unsplash--200x300.jpg 200w, https:\/\/azalem.com\/wp-content\/uploads\/2025\/08\/Foto-Melaza-Unsplash--683x1024.jpg 683w, https:\/\/azalem.com\/wp-content\/uploads\/2025\/08\/Foto-Melaza-Unsplash--768x1152.jpg 768w, https:\/\/azalem.com\/wp-content\/uploads\/2025\/08\/Foto-Melaza-Unsplash--1024x1536.jpg 1024w, https:\/\/azalem.com\/wp-content\/uploads\/2025\/08\/Foto-Melaza-Unsplash--1365x2048.jpg 1365w\" sizes=\"auto, (max-width: 1707px) 100vw, 1707px\" \/><\/span><\/figure><\/div>\n<\/div><\/div><\/div>\n<\/div><\/div>","protected":false},"excerpt":{"rendered":"<p>Nuestra melaza Calidad suprema En Azalem somos el distribuidor en exclusiva de la \u00fanica industria en Europa que produce melaza de ca\u00f1a de az\u00facar. Nuestro producto es un jarabe denso y oscuro, elaborado con altos est\u00e1ndares de calidad y libre de al\u00e9rgenos o contaminantes, que conserva de forma natural su riqueza en az\u00facares y minerales. [&hellip;]<\/p>\n","protected":false},"author":1,"featured_media":0,"parent":0,"menu_order":0,"comment_status":"closed","ping_status":"closed","template":"","meta":{"footnotes":""},"class_list":["post-1635","page","type-page","status-publish","hentry"],"blocksy_meta":{"vertical_spacing_source":"custom","content_area_spacing":"none","content_style_source":"inherit","styles_descriptor":{"styles":{"desktop":"","tablet":"","mobile":""},"google_fonts":[],"version":6},"has_hero_section":"disabled","disable_featured_image":"no"},"_links":{"self":[{"href":"https:\/\/azalem.com\/en\/wp-json\/wp\/v2\/pages\/1635","targetHints":{"allow":["GET"]}}],"collection":[{"href":"https:\/\/azalem.com\/en\/wp-json\/wp\/v2\/pages"}],"about":[{"href":"https:\/\/azalem.com\/en\/wp-json\/wp\/v2\/types\/page"}],"author":[{"embeddable":true,"href":"https:\/\/azalem.com\/en\/wp-json\/wp\/v2\/users\/1"}],"replies":[{"embeddable":true,"href":"https:\/\/azalem.com\/en\/wp-json\/wp\/v2\/comments?post=1635"}],"version-history":[{"count":31,"href":"https:\/\/azalem.com\/en\/wp-json\/wp\/v2\/pages\/1635\/revisions"}],"predecessor-version":[{"id":2050,"href":"https:\/\/azalem.com\/en\/wp-json\/wp\/v2\/pages\/1635\/revisions\/2050"}],"wp:attachment":[{"href":"https:\/\/azalem.com\/en\/wp-json\/wp\/v2\/media?parent=1635"}],"curies":[{"name":"wp","href":"https:\/\/api.w.org\/{rel}","templated":true}]}}