{"id":1620,"date":"2025-01-20T20:22:04","date_gmt":"2025-01-20T19:22:04","guid":{"rendered":"https:\/\/azalem.com\/?page_id=1620"},"modified":"2026-02-22T21:22:39","modified_gmt":"2026-02-22T20:22:39","slug":"sobre-nosotros","status":"publish","type":"page","link":"https:\/\/azalem.com\/en\/sobre-nosotros\/","title":{"rendered":"About us"},"content":{"rendered":"\n<div class=\"wp-block-stackable-columns alignfull stk-block-columns stk-block stk-13116e4 stk-block-background\" data-block-id=\"13116e4\"><style>.stk-13116e4 {background-color:var(--theme-palette-color-6, #f2f5f7) !important;}.stk-13116e4:before{background-color:var(--theme-palette-color-6, #f2f5f7) !important;}.stk-13116e4-column{--stk-columns-spacing:0px !important;}<\/style><div class=\"stk-row stk-inner-blocks stk-block-content stk-content-align stk-13116e4-column\">\n<div class=\"wp-block-stackable-column stk-block-column stk-column stk-block stk-e145165\" data-v=\"4\" data-block-id=\"e145165\"><div class=\"stk-column-wrapper stk-block-column__content stk-container stk-e145165-container stk--no-background stk--no-padding\"><div class=\"stk-block-content stk-inner-blocks stk-e145165-inner-blocks\">\n<div class=\"wp-block-stackable-heading stk-block-heading stk-block-heading--v2 stk-block stk-07164ab\" id=\"sobre-nosotros\" data-block-id=\"07164ab\"><style>.stk-07164ab {margin-bottom:5px !important;}<\/style><h1 class=\"stk-block-heading__text\">Sobre nosotros <\/h1><\/div>\n\n\n<\/div><\/div><\/div>\n<\/div><\/div>\n\n\n\n<div class=\"wp-block-stackable-columns stk-block-columns stk-block stk-15ac3a0\" data-block-id=\"15ac3a0\"><style>.stk-15ac3a0 {margin-bottom:0px !important;}<\/style><div class=\"stk-row stk-inner-blocks stk-block-content stk-content-align stk-15ac3a0-column\">\n<div class=\"wp-block-stackable-column stk-block-column stk-column stk-block stk-8c1cf77\" data-v=\"4\" data-block-id=\"8c1cf77\"><style>@media screen and (min-width:690px){.stk-8c1cf77 {flex:var(--stk-flex-grow, 1) 1 calc(60% - var(--stk-column-gap, 0px) * 1 \/ 2 ) !important;}}<\/style><div class=\"stk-column-wrapper stk-block-column__content stk-container stk-8c1cf77-container stk--no-background stk--no-padding\"><div class=\"stk-block-content stk-inner-blocks stk-8c1cf77-inner-blocks\">\n<div class=\"wp-block-stackable-heading stk-block-heading stk--hide-mobile stk-block-heading--v2 stk-block stk-cdd8466\" id=\"distribucion-de-melaza-garantizada\" data-block-id=\"cdd8466\"><h2 class=\"stk-block-heading__text\">Distribuci\u00f3n de melaza garantizada<\/h2><\/div>\n\n\n\n<div class=\"wp-block-stackable-heading stk-block-heading stk--hide-desktop stk--hide-tablet stk-block-heading--v2 stk-block stk-d6bd664\" id=\"distribucion-de-melaza-garantizada\" data-block-id=\"d6bd664\"><h2 class=\"stk-block-heading__text\">Distribuci\u00f3n de melaza garantizada<\/h2><\/div>\n\n\n\n<div class=\"wp-block-stackable-text stk-block-text stk-block stk-b0747ff\" data-block-id=\"b0747ff\"><p class=\"stk-block-text__text has-text-align-justify\">En Azalem nos dedicamos a la compra y venta de melaza de ca\u00f1a de az\u00facar de la m\u00e1s alta calidad. Somos distribuidores en exclusiva de la \u00fanica industria en Europa que produce melaza de ca\u00f1a de az\u00facar, lo que nos permite garantizar un suministro constante, trazabilidad total y un producto de origen controlado.<\/p><\/div>\n<\/div><\/div><\/div>\n\n\n\n<div class=\"wp-block-stackable-column stk-block-column stk-column stk-block stk-1fb30c2\" data-v=\"4\" data-block-id=\"1fb30c2\"><style>@media screen and (min-width:690px){.stk-1fb30c2 {flex:var(--stk-flex-grow, 1) 1 calc(40% - var(--stk-column-gap, 0px) * 1 \/ 2 ) !important;}}<\/style><div class=\"stk-column-wrapper stk-block-column__content stk-container stk-1fb30c2-container stk--no-background stk--no-padding\"><div class=\"stk-block-content stk-inner-blocks stk-1fb30c2-inner-blocks\">\n<div class=\"wp-block-stackable-image stk-block-image stk-block stk-11c11f1\" data-block-id=\"11c11f1\"><style>.stk-11c11f1 .stk-img-wrapper{aspect-ratio:16\/9 !important;height:auto !important;}.stk-11c11f1 .stk-img-wrapper img{border-radius:10px !important;}@media screen and (max-width:999px){.stk-11c11f1 .stk-img-wrapper{height:auto !important;}}@media screen and (max-width:689px){.stk-11c11f1 .stk-img-wrapper{height:auto !important;}}<\/style><figure><span class=\"stk-img-wrapper stk-image--shape-stretch\"><img loading=\"lazy\" decoding=\"async\" class=\"stk-img wp-image-1824\" src=\"https:\/\/azalem.com\/wp-content\/uploads\/2025\/08\/e9e5dab0-d261-44cd-8c46-aeef96d2d06b-scaled.jpg\" width=\"2560\" height=\"1707\" srcset=\"https:\/\/azalem.com\/wp-content\/uploads\/2025\/08\/e9e5dab0-d261-44cd-8c46-aeef96d2d06b-scaled.jpg 2560w, https:\/\/azalem.com\/wp-content\/uploads\/2025\/08\/e9e5dab0-d261-44cd-8c46-aeef96d2d06b-300x200.jpg 300w, https:\/\/azalem.com\/wp-content\/uploads\/2025\/08\/e9e5dab0-d261-44cd-8c46-aeef96d2d06b-1024x683.jpg 1024w, https:\/\/azalem.com\/wp-content\/uploads\/2025\/08\/e9e5dab0-d261-44cd-8c46-aeef96d2d06b-768x512.jpg 768w, https:\/\/azalem.com\/wp-content\/uploads\/2025\/08\/e9e5dab0-d261-44cd-8c46-aeef96d2d06b-1536x1024.jpg 1536w, https:\/\/azalem.com\/wp-content\/uploads\/2025\/08\/e9e5dab0-d261-44cd-8c46-aeef96d2d06b-2048x1365.jpg 2048w\" sizes=\"auto, (max-width: 2560px) 100vw, 2560px\" \/><\/span><\/figure><\/div>\n<\/div><\/div><\/div>\n<\/div><\/div>\n\n\n\n<div class=\"wp-block-stackable-columns stk-block-columns stk-block stk-1dbe4c5\" data-block-id=\"1dbe4c5\"><style>@media screen and (max-width:689px){.stk-1dbe4c5 {margin-bottom:0px !important;}}<\/style><div class=\"stk-row stk-inner-blocks stk-block-content stk-content-align stk-1dbe4c5-column\">\n<div class=\"wp-block-stackable-column stk-block-column stk-column stk--hide-desktop stk--hide-tablet stk-block stk-a048470\" data-v=\"4\" data-block-id=\"a048470\"><div class=\"stk-column-wrapper stk-block-column__content stk-container stk-a048470-container stk--no-background stk--no-padding\"><div class=\"stk-block-content stk-inner-blocks stk-a048470-inner-blocks\">\n<div class=\"wp-block-stackable-divider stk-block-divider stk-block stk-88ea0e4\" data-block-id=\"88ea0e4\"><hr class=\"stk-block-divider__hr\"\/><\/div>\n<\/div><\/div><\/div>\n<\/div><\/div>\n\n\n\n<div class=\"wp-block-stackable-columns stk-block-columns stk-block stk-a824604\" data-block-id=\"a824604\"><style>@media screen and (max-width:689px){.stk-a824604 {--stk-col-order-1:2 !important;--stk-col-order-2:1 !important;}}<\/style><div class=\"stk-row stk-inner-blocks stk-block-content stk-content-align stk-a824604-column\">\n<div class=\"wp-block-stackable-column stk-block-column stk-column stk-block stk-5d5041b\" data-v=\"4\" data-block-id=\"5d5041b\"><style>@media screen and (min-width:690px){.stk-5d5041b {flex:var(--stk-flex-grow, 1) 1 calc(40% - var(--stk-column-gap, 0px) * 1 \/ 2 ) !important;}}<\/style><div class=\"stk-column-wrapper stk-block-column__content stk-container stk-5d5041b-container stk--no-background stk--no-padding\"><div class=\"stk-block-content stk-inner-blocks stk-5d5041b-inner-blocks\">\n<div class=\"wp-block-stackable-image stk-block-image stk-block stk-cc42c11\" data-block-id=\"cc42c11\"><style>.stk-cc42c11 .stk-img-wrapper{aspect-ratio:16\/9 !important;height:auto !important;}.stk-cc42c11 .stk-img-wrapper img{border-radius:10px !important;}@media screen and (max-width:999px){.stk-cc42c11 .stk-img-wrapper{height:auto !important;}}@media screen and (max-width:689px){.stk-cc42c11 .stk-img-wrapper{height:auto !important;}}<\/style><figure><span class=\"stk-img-wrapper stk-image--shape-stretch\"><img loading=\"lazy\" decoding=\"async\" class=\"stk-img wp-image-1805\" src=\"https:\/\/azalem.com\/wp-content\/uploads\/2025\/08\/sugar-industry.avif\" width=\"1803\" height=\"1159\" srcset=\"https:\/\/azalem.com\/wp-content\/uploads\/2025\/08\/sugar-industry.avif 1803w, https:\/\/azalem.com\/wp-content\/uploads\/2025\/08\/sugar-industry-300x193.avif 300w, https:\/\/azalem.com\/wp-content\/uploads\/2025\/08\/sugar-industry-1024x658.avif 1024w, https:\/\/azalem.com\/wp-content\/uploads\/2025\/08\/sugar-industry-768x494.avif 768w, https:\/\/azalem.com\/wp-content\/uploads\/2025\/08\/sugar-industry-1536x987.avif 1536w\" sizes=\"auto, (max-width: 1803px) 100vw, 1803px\" \/><\/span><\/figure><\/div>\n<\/div><\/div><\/div>\n\n\n\n<div class=\"wp-block-stackable-column stk-block-column stk-column stk-block stk-306b264\" data-v=\"4\" data-block-id=\"306b264\"><style>@media screen and (min-width:690px){.stk-306b264 {flex:var(--stk-flex-grow, 1) 1 calc(60% - var(--stk-column-gap, 0px) * 1 \/ 2 ) !important;}}<\/style><div class=\"stk-column-wrapper stk-block-column__content stk-container stk-306b264-container stk--no-background stk--no-padding\"><div class=\"stk-block-content stk-inner-blocks stk-306b264-inner-blocks\">\n<div class=\"wp-block-stackable-heading stk-block-heading stk-block-heading--v2 stk-block stk-19c45e1\" id=\"quienes-somos\" data-block-id=\"19c45e1\"><h2 class=\"stk-block-heading__text\">Qui\u00e9nes somos<\/h2><\/div>\n\n\n\n<div class=\"wp-block-stackable-text stk-block-text stk-block stk-e59cbaa\" data-block-id=\"e59cbaa\"><p class=\"stk-block-text__text has-text-align-justify\">Azalem es una empresa especializada en la distribuci\u00f3n de melaza de ca\u00f1a de az\u00facar, creada para aportar un enfoque renovado y eficiente a un sector en constante evoluci\u00f3n. Contamos con una base de experiencia s\u00f3lida en el mercado y con relaciones comerciales consolidadas que nos permiten ofrecer un servicio \u00e1gil, fiable y adaptado a las necesidades de cada cliente. <\/p><\/div>\n<\/div><\/div><\/div>\n<\/div><\/div>\n\n\n\n<div class=\"wp-block-stackable-divider stk-block-divider stk-block stk-bdc322b\" data-block-id=\"bdc322b\"><style>.stk-bdc322b {margin-bottom:0px !important;}<\/style><hr class=\"stk-block-divider__hr\"\/><\/div>\n\n\n\n<div class=\"wp-block-stackable-columns stk-block-columns stk-block stk-962e4df\" data-block-id=\"962e4df\"><style>.stk-962e4df {margin-top:var(--stk--preset--spacing--70, 3.38rem) !important;margin-bottom:nullpx !important;}@media screen and (max-width:689px){.stk-962e4df {margin-top:20px !important;}}<\/style><div class=\"stk-row stk-inner-blocks stk-block-content stk-content-align stk-962e4df-column\">\n<div class=\"wp-block-stackable-column stk-block-column stk-column stk-block stk-72bee9a\" data-v=\"4\" data-block-id=\"72bee9a\"><div class=\"stk-column-wrapper stk-block-column__content stk-container stk-72bee9a-container stk--no-background stk--no-padding\"><div class=\"stk-block-content stk-inner-blocks stk-72bee9a-inner-blocks\">\n<div class=\"wp-block-stackable-tabs stk-block-tabs stk-block stk-e8cebac\" data-initial-tab=\"1\" data-block-id=\"e8cebac\"><style>.stk-e8cebac .stk-block-tab-content .stk-block-content .stk-block-column[hidden]{display:none !important;}<\/style><div class=\"stk-row stk-inner-blocks stk-block-content stk-block-tabs--horizontal stk-block-tabs--fade stk-content-align stk-e8cebac-column\">\n<div class=\"wp-block-stackable-tab-labels stk-block-tab-labels stk-block stk-00132b9 is-style-centered-pills\" data-block-id=\"00132b9\"><style>.stk-00132b9 .stk-block-tabs__tab{color:#999999 !important;padding-top:8px !important;padding-right:24px !important;padding-bottom:8px !important;padding-left:24px !important;border-top-left-radius:50px !important;border-top-right-radius:50px !important;border-bottom-right-radius:50px !important;border-bottom-left-radius:50px !important;}.stk-00132b9 .stk-block-tabs__tab.stk-block-tabs__tab--active .stk-block-tab-labels__text{color:#ffffff !important;}.stk-00132b9 {border-top-left-radius:50px !important;border-top-right-radius:50px !important;border-bottom-right-radius:50px !important;border-bottom-left-radius:50px !important;overflow:hidden !important;padding-top:8px !important;padding-right:8px !important;padding-bottom:8px !important;padding-left:8px !important;margin-right:auto !important;margin-left:auto !important;}.stk-00132b9 .stk-block-tab-labels__text{color:#999999 !important;}.stk-00132b9 .stk-block-tabs__tab:not(.stk-block-tabs__tab--active):hover{background:#dddddd !important;opacity:1 !important;}.stk-00132b9 .stk-block-tabs__tab .stk--inner-svg svg:last-child, .stk-00132b9 .stk-block-tabs__tab .stk--inner-svg svg:last-child :is(g, path, rect, polygon, ellipse){fill:#777777 !important;}.stk-00132b9 .stk-block-tabs__tab:not(.stk-block-tabs__tab--active):hover .stk--inner-svg svg:last-child, .stk-00132b9 .stk-block-tabs__tab:not(.stk-block-tabs__tab--active):hover .stk--inner-svg svg:last-child :is(g, path, rect, polygon, ellipse){fill:#000000 !important;}.stk-00132b9 .stk-block-tabs__tab.stk-block-tabs__tab--active{background:#000000 !important;}.stk-00132b9 .stk-block-tabs__tab.stk-block-tabs__tab--active .stk--inner-svg svg:last-child, .stk-00132b9 .stk-block-tabs__tab.stk-block-tabs__tab--active .stk--inner-svg svg:last-child :is(g, path, rect, polygon, ellipse){fill:#ffffff !important;}<\/style><div class=\"stk-block-tab-labels__wrapper\" role=\"tablist\"><button class=\"stk-block-tabs__tab\" role=\"tab\"><div class=\"stk-block-tab-labels__text\"><span>Misi\u00f3n<\/span><\/div><\/button><button class=\"stk-block-tabs__tab\" role=\"tab\"><div class=\"stk-block-tab-labels__text\"><span>Visi\u00f3n<\/span><\/div><\/button><button class=\"stk-block-tabs__tab\" role=\"tab\"><div class=\"stk-block-tab-labels__text\"><span>Valores<\/span><\/div><\/button><\/div><\/div>\n\n\n\n<div class=\"wp-block-stackable-tab-content stk-block-tab-content stk-block stk-b6bc978\" data-block-id=\"b6bc978\"><div class=\"stk-row stk-inner-blocks stk-block-content stk-content-align stk-b6bc978-column\">\n<div class=\"wp-block-stackable-column stk-block-column stk-column stk-block stk-b6922ae\" data-v=\"4\" role=\"tabpanel\" data-block-id=\"b6922ae\"><div class=\"stk-column-wrapper stk-block-column__content stk-container stk-b6922ae-container stk--no-background stk--no-padding\"><div class=\"stk-block-content stk-inner-blocks stk-b6922ae-inner-blocks\">\n<div class=\"wp-block-stackable-subtitle stk-block-subtitle stk-block stk-e4a5b83\" data-block-id=\"e4a5b83\"><style>.stk-e4a5b83 {margin-bottom:10px !important;}.stk-e4a5b83 .stk-block-subtitle__text{font-size:var(--stk--preset--font-size--large, 1.38rem) !important;}@media screen and (max-width:999px){.stk-e4a5b83 .stk-block-subtitle__text{font-size:var(--stk--preset--font-size--large, 1.38rem) !important;}}<\/style><p class=\"stk-block-subtitle__text stk-subtitle\">Misi\u00f3n<\/p><\/div>\n\n\n\n<div class=\"wp-block-stackable-text stk-block-text stk-block stk-34711ac\" data-block-id=\"34711ac\"><style>.stk-34711ac .stk-block-text__text{font-size:var(--stk--preset--font-size--medium, 1rem) !important;}@media screen and (max-width:999px){.stk-34711ac .stk-block-text__text{font-size:var(--stk--preset--font-size--medium, 1rem) !important;}}<\/style><p class=\"stk-block-text__text has-text-align-justify\">En Azalem trabajamos para ofrecer melaza de ca\u00f1a de az\u00facar de la m\u00e1s alta calidad, asegurando un suministro constante, trazabilidad total y un servicio adaptado a las necesidades de cada cliente. Nuestra misi\u00f3n es aportar confianza, agilidad y valor a\u00f1adido a cada relaci\u00f3n comercial.<\/p><\/div>\n\n\n\n<div class=\"wp-block-stackable-divider stk-block-divider stk-block stk-a88a843\" data-block-id=\"a88a843\"><style>.stk-a88a843 {margin-bottom:5px !important;}<\/style><hr class=\"stk-block-divider__hr\"\/><\/div>\n<\/div><\/div><\/div>\n\n\n\n<div class=\"wp-block-stackable-column stk-block-column stk-column stk-block stk-c6a3c53\" data-v=\"4\" role=\"tabpanel\" data-block-id=\"c6a3c53\"><div class=\"stk-column-wrapper stk-block-column__content stk-container stk-c6a3c53-container stk--no-background stk--no-padding\"><div class=\"stk-block-content stk-inner-blocks stk-c6a3c53-inner-blocks\">\n<div class=\"wp-block-stackable-subtitle stk-block-subtitle stk-block stk-100cd0b\" data-block-id=\"100cd0b\"><style>.stk-100cd0b {margin-bottom:10px !important;}.stk-100cd0b .stk-block-subtitle__text{font-size:var(--stk--preset--font-size--large, 1.38rem) !important;}@media screen and (max-width:999px){.stk-100cd0b .stk-block-subtitle__text{font-size:var(--stk--preset--font-size--large, 1.38rem) !important;}}<\/style><p class=\"stk-block-subtitle__text stk-subtitle\">Visi\u00f3n<\/p><\/div>\n\n\n\n<div class=\"wp-block-stackable-text stk-block-text stk-block stk-1cfd2b6\" data-block-id=\"1cfd2b6\"><style>.stk-1cfd2b6 .stk-block-text__text{font-size:var(--stk--preset--font-size--medium, 1rem) !important;}@media screen and (max-width:999px){.stk-1cfd2b6 .stk-block-text__text{font-size:var(--stk--preset--font-size--medium, 1rem) !important;}}<\/style><p class=\"stk-block-text__text has-text-align-justify\">Aspiramos a consolidarnos como el socio de referencia en Europa en la distribuci\u00f3n de melaza de ca\u00f1a de az\u00facar, ampliando nuestra presencia en nuevos sectores y mercados, y manteniendo siempre nuestro compromiso con la excelencia, la sostenibilidad y la atenci\u00f3n personalizada.<\/p><\/div>\n\n\n\n<div class=\"wp-block-stackable-divider stk-block-divider stk-block stk-e99bb1a\" data-block-id=\"e99bb1a\"><style>.stk-e99bb1a {margin-bottom:5px !important;}<\/style><hr class=\"stk-block-divider__hr\"\/><\/div>\n<\/div><\/div><\/div>\n\n\n\n<div class=\"wp-block-stackable-column stk-block-column stk-column stk-block stk-1bb8e7b\" data-v=\"4\" role=\"tabpanel\" data-block-id=\"1bb8e7b\"><div class=\"stk-column-wrapper stk-block-column__content stk-container stk-1bb8e7b-container stk--no-background stk--no-padding\"><div class=\"stk-block-content stk-inner-blocks stk-1bb8e7b-inner-blocks\">\n<div class=\"wp-block-stackable-subtitle stk-block-subtitle stk-block stk-6781985\" data-block-id=\"6781985\"><style>.stk-6781985 {margin-bottom:10px !important;}.stk-6781985 .stk-block-subtitle__text{font-size:var(--stk--preset--font-size--large, 1.38rem) !important;}@media screen and (max-width:999px){.stk-6781985 .stk-block-subtitle__text{font-size:var(--stk--preset--font-size--large, 1.38rem) !important;}}<\/style><p class=\"stk-block-subtitle__text stk-subtitle\">Nuestros valores<\/p><\/div>\n\n\n\n<div class=\"wp-block-stackable-text stk-block-text stk-block stk-ee880be\" data-block-id=\"ee880be\"><style>.stk-ee880be {margin-bottom:20px !important;}.stk-ee880be .stk-block-text__text{font-size:var(--stk--preset--font-size--medium, 1rem) !important;}@media screen and (max-width:999px){.stk-ee880be .stk-block-text__text{font-size:var(--stk--preset--font-size--medium, 1rem) !important;}}<\/style><p class=\"stk-block-text__text\">En Azalem nos guiamos por principios que definen nuestra forma de trabajar:<\/p><\/div>\n\n\n\n<div class=\"wp-block-stackable-icon-list stk-block-icon-list stk-block stk-3ab6ff4\" data-block-id=\"3ab6ff4\"><style>.stk-3ab6ff4 {--stk-icon-list-column-count:2 !important;--stk-icon-list-column-gap:0px !important;--stk-icon-list-row-gap:4px !important;overflow:hidden !important;}.stk-3ab6ff4 .stk-block-icon-list-item__content{align-items:center !important;margin-inline:0 auto !important;}.stk-3ab6ff4 .wp-block-stackable-icon-list-item:not(:nth-last-child(-n + 1))::after{border-width:1px !important;}@media screen and (max-width:689px){.stk-3ab6ff4 .stk-block-icon-list-item__content{align-items:baseline !important;}}<\/style><svg style=\"display:none\"><defs><g id=\"stk-icon-list__icon-svg-def-3ab6ff4\"><svg xmlns=\"http:\/\/www.w3.org\/2000\/svg\" viewBox=\"0 0 190 190\"><polygon points=\"173.8,28.4 60.4,141.8 15.7,97.2 5.1,107.8 60.4,163 184.4,39 173.8,28.4\"\/><\/svg><\/g><\/defs><\/svg><ul class=\"stk-block-icon-list__ul stk-block-icon-list--column\">\n<li class=\"wp-block-stackable-icon-list-item stk-block-icon-list-item stk-block stk-655230d\" data-block-id=\"655230d\"><div class=\"stk-block-icon-list-item__content\"><span class=\"stk--svg-wrapper\"><div class=\"stk--inner-svg\"><svg aria-hidden=\"true\" width=\"32\" height=\"32\"><use xlink:href=\"#stk-icon-list__icon-svg-def-3ab6ff4\"><\/use><\/svg><\/div><\/span><span class=\"stk-block-icon-list-item__text\"><strong>Transparencia<\/strong>: Comunicaci\u00f3n clara y honesta en cada proceso.<\/span><\/div><\/li>\n\n\n\n<li class=\"wp-block-stackable-icon-list-item stk-block-icon-list-item stk-block stk-3e01f40\" data-block-id=\"3e01f40\"><div class=\"stk-block-icon-list-item__content\"><span class=\"stk--svg-wrapper\"><div class=\"stk--inner-svg\"><svg aria-hidden=\"true\" width=\"32\" height=\"32\"><use xlink:href=\"#stk-icon-list__icon-svg-def-3ab6ff4\"><\/use><\/svg><\/div><\/span><span class=\"stk-block-icon-list-item__text\"><strong>Compromiso<\/strong>: Cumplimiento estricto de plazos y est\u00e1ndares de calidad.<\/span><\/div><\/li>\n\n\n\n<li class=\"wp-block-stackable-icon-list-item stk-block-icon-list-item stk-block stk-f3376b9\" data-block-id=\"f3376b9\"><div class=\"stk-block-icon-list-item__content\"><span class=\"stk--svg-wrapper\"><div class=\"stk--inner-svg\"><svg aria-hidden=\"true\" width=\"32\" height=\"32\"><use xlink:href=\"#stk-icon-list__icon-svg-def-3ab6ff4\"><\/use><\/svg><\/div><\/span><span class=\"stk-block-icon-list-item__text\"><strong>Sostenibilidad<\/strong>: Responsabilidad con el medio ambiente y la cadena de valor.<\/span><\/div><\/li>\n\n\n\n<li class=\"wp-block-stackable-icon-list-item stk-block-icon-list-item stk-block stk-50433a3\" data-block-id=\"50433a3\"><div class=\"stk-block-icon-list-item__content\"><span class=\"stk--svg-wrapper\"><div class=\"stk--inner-svg\"><svg aria-hidden=\"true\" width=\"32\" height=\"32\"><use xlink:href=\"#stk-icon-list__icon-svg-def-3ab6ff4\"><\/use><\/svg><\/div><\/span><span class=\"stk-block-icon-list-item__text\"><strong>Cercan\u00eda<\/strong>: Trato directo y humano, siempre al servicio del cliente.<\/span><\/div><\/li>\n\n\n\n<li class=\"wp-block-stackable-icon-list-item stk-block-icon-list-item stk-block stk-7f4bd57\" data-block-id=\"7f4bd57\"><div class=\"stk-block-icon-list-item__content\"><span class=\"stk--svg-wrapper\"><div class=\"stk--inner-svg\"><svg aria-hidden=\"true\" width=\"32\" height=\"32\"><use xlink:href=\"#stk-icon-list__icon-svg-def-3ab6ff4\"><\/use><\/svg><\/div><\/span><span class=\"stk-block-icon-list-item__text\"><strong>Flexibilidad<\/strong>: Soluciones log\u00edsticas y comerciales adaptadas a cada necesidad.<\/span><\/div><\/li>\n\n\n\n<li class=\"wp-block-stackable-icon-list-item stk-block-icon-list-item stk-block stk-b1b909d\" data-block-id=\"b1b909d\"><div class=\"stk-block-icon-list-item__content\"><span class=\"stk--svg-wrapper\"><div class=\"stk--inner-svg\"><svg aria-hidden=\"true\" width=\"32\" height=\"32\"><use xlink:href=\"#stk-icon-list__icon-svg-def-3ab6ff4\"><\/use><\/svg><\/div><\/span><span class=\"stk-block-icon-list-item__text\"><strong>Fiabilidad<\/strong>: Garant\u00eda de continuidad en el suministro y seriedad en cada acuerdo.<\/span><\/div><\/li>\n<\/ul><\/div>\n\n\n\n<div class=\"wp-block-stackable-divider stk-block-divider stk-block stk-b4c4676\" data-block-id=\"b4c4676\"><style>.stk-b4c4676 {margin-bottom:5px !important;}<\/style><hr class=\"stk-block-divider__hr\"\/><\/div>\n<\/div><\/div><\/div>\n<\/div><\/div>\n<\/div><\/div>\n<\/div><\/div><\/div>\n<\/div><\/div>\n","protected":false},"excerpt":{"rendered":"<p>Distribuci\u00f3n de melaza garantizada Distribuci\u00f3n de melaza garantizada En Azalem nos dedicamos a la compra y venta de melaza de ca\u00f1a de az\u00facar de la m\u00e1s alta calidad. Somos distribuidores en exclusiva de la \u00fanica industria en Europa que produce melaza de ca\u00f1a de az\u00facar, lo que nos permite garantizar un suministro constante, trazabilidad total [&hellip;]<\/p>\n","protected":false},"author":1,"featured_media":0,"parent":0,"menu_order":0,"comment_status":"closed","ping_status":"closed","template":"","meta":{"footnotes":""},"class_list":["post-1620","page","type-page","status-publish","hentry"],"blocksy_meta":{"has_hero_section":"disabled","styles_descriptor":{"styles":{"desktop":"","tablet":"","mobile":""},"google_fonts":[],"version":6},"content_style_source":"inherit","vertical_spacing_source":"custom","content_area_spacing":"none"},"_links":{"self":[{"href":"https:\/\/azalem.com\/en\/wp-json\/wp\/v2\/pages\/1620","targetHints":{"allow":["GET"]}}],"collection":[{"href":"https:\/\/azalem.com\/en\/wp-json\/wp\/v2\/pages"}],"about":[{"href":"https:\/\/azalem.com\/en\/wp-json\/wp\/v2\/types\/page"}],"author":[{"embeddable":true,"href":"https:\/\/azalem.com\/en\/wp-json\/wp\/v2\/users\/1"}],"replies":[{"embeddable":true,"href":"https:\/\/azalem.com\/en\/wp-json\/wp\/v2\/comments?post=1620"}],"version-history":[{"count":101,"href":"https:\/\/azalem.com\/en\/wp-json\/wp\/v2\/pages\/1620\/revisions"}],"predecessor-version":[{"id":2051,"href":"https:\/\/azalem.com\/en\/wp-json\/wp\/v2\/pages\/1620\/revisions\/2051"}],"wp:attachment":[{"href":"https:\/\/azalem.com\/en\/wp-json\/wp\/v2\/media?parent=1620"}],"curies":[{"name":"wp","href":"https:\/\/api.w.org\/{rel}","templated":true}]}}