{"id":1619,"date":"2025-01-20T20:22:04","date_gmt":"2025-01-20T19:22:04","guid":{"rendered":"https:\/\/azalem.com\/?page_id=1619"},"modified":"2026-02-22T21:36:50","modified_gmt":"2026-02-22T20:36:50","slug":"inicio","status":"publish","type":"page","link":"https:\/\/azalem.com\/en\/","title":{"rendered":"Home"},"content":{"rendered":"<div class=\"wp-block-stackable-columns alignfull stk-block-columns stk-has-bottom-separator stk-block stk-948158f stk-block-background stk--has-background-overlay\" data-block-id=\"948158f\"><style>.stk-948158f {background-image:url(https:\/\/azalem.com\/wp-content\/uploads\/2025\/02\/victoria-priessnitz-IPuuhSmsFIc-unsplash-scaled.jpg) !important;min-height:500px !important;align-items:center !important;padding-top:var(--stk--preset--spacing--70, 3.38rem) !important;padding-right:var(--stk--preset--spacing--70, 3.38rem) !important;padding-bottom:var(--stk--preset--spacing--70, 3.38rem) !important;padding-left:var(--stk--preset--spacing--70, 3.38rem) !important;margin-bottom:0px !important;display:flex !important;}.stk-948158f:before{background-color:#000000 !important;opacity:0.2 !important;}.stk-948158f > .stk-separator__bottom .stk-separator__wrapper{height:70px !important;}<\/style><div class=\"stk-row stk-inner-blocks stk-block-content stk-content-align stk-948158f-column alignwide\">\n<div class=\"wp-block-stackable-column stk-block-column stk-column stk-block stk-751a6c6\" data-v=\"4\" data-block-id=\"751a6c6\"><div class=\"stk-column-wrapper stk-block-column__content stk-container stk-751a6c6-container stk--no-background stk--no-padding\"><div class=\"stk-block-content stk-inner-blocks stk-751a6c6-inner-blocks\">\n<div class=\"wp-block-stackable-subtitle stk-block-subtitle stk--hide-mobile stk-block stk-8c74367\" data-block-id=\"8c74367\"><style>.stk-8c74367 .stk-block-subtitle__text{color:#ffffff !important;text-transform:uppercase !important;}<\/style><p class=\"stk-block-subtitle__text stk-subtitle has-text-color has-text-align-center\">MOLASSES SUPPLY \/ FOOD LOGISTICS \/ EXPERTS IN MOLASSES FOR ANIMAL FEED AND BEYOND<\/p><\/div>\n\n\n\n<div class=\"wp-block-stackable-subtitle stk-block-subtitle stk--hide-desktop stk--hide-tablet stk-block stk-d4e0b80\" data-block-id=\"d4e0b80\"><style>.stk-d4e0b80 .stk-block-subtitle__text{color:#ffffff !important;text-transform:uppercase !important;}<\/style><p class=\"stk-block-subtitle__text stk-subtitle has-text-color has-text-align-center\">Molasses Supply for Animal Feed and Beyond<\/p><\/div>\n\n\n\n<div class=\"wp-block-stackable-heading stk-block-heading stk--hide-mobile stk-block-heading--v2 stk-block stk-53c8161\" id=\"heading-placeholder\" data-block-id=\"53c8161\"><style>.stk-53c8161 .stk-block-heading__text{color:#ffffff !important;}@media screen and (max-width:689px){.stk-53c8161 .stk-block-heading__text{font-size:28px !important;}}<\/style><h2 class=\"stk-block-heading__text has-text-color has-text-align-center\">Cane Molasses Specialists for Animal Feed and Food Manufacturing<\/h2><\/div>\n\n\n\n<div class=\"wp-block-stackable-heading stk-block-heading stk--hide-desktop stk--hide-tablet stk-block-heading--v2 stk-block stk-25e7e97\" id=\"heading-placeholder\" data-block-id=\"25e7e97\"><style>.stk-25e7e97 .stk-block-heading__text{color:#ffffff !important;}@media screen and (max-width:689px){.stk-25e7e97 .stk-block-heading__text{font-size:28px !important;}}<\/style><h2 class=\"stk-block-heading__text has-text-color has-text-align-center\">Cane Molasses Specialists <\/h2><\/div>\n\n\n\n<div class=\"wp-block-stackable-text stk-block-text stk-block stk-12d8079\" data-block-id=\"12d8079\"><style>.stk-12d8079 .stk-block-text__text{color:#ffffff !important;}<\/style><p class=\"stk-block-text__text has-text-color has-text-align-center\">Flexible molasses deliveries in tanker loads or IBCs, supported by dedicated customer service.<\/p><\/div>\n\n\n\n<div class=\"wp-block-stackable-button-group stk-block-button-group stk-block stk-357a0aa\" data-block-id=\"357a0aa\"><style>@media screen and (max-width:689px){.stk-357a0aa {padding-top:20px !important;padding-right:20px !important;padding-bottom:20px !important;padding-left:20px !important;}}<\/style><div class=\"stk-row stk-inner-blocks has-text-align-center stk-block-content stk-button-group\">\n<div class=\"wp-block-stackable-button stk-block-button stk-block stk-06200fb\" data-block-id=\"06200fb\"><a class=\"stk-link stk-button stk--hover-effect-darken\" href=\"https:\/\/azalem.com\/en\/contacto\/\"><span class=\"stk-button__inner-text\">Request a Quote<\/span><\/a><\/div>\n<\/div><\/div>\n<\/div><\/div><\/div>\n<\/div><div class=\"stk-separator stk-separator__bottom\"><div class=\"stk-separator__wrapper\"><svg xmlns=\"http:\/\/www.w3.org\/2000\/svg\" viewbox=\"0 0 1600 200\" class=\"stk-separator__layer-1\" preserveaspectratio=\"none\" aria-hidden=\"true\"><path class=\"wave-1_svg__st2\" d=\"M1341.4 48.9c-182.4 0-254.2 80.4-429.4 80.4-117.8 0-209.7-67.5-393.5-67.5-142.2 0-212.6 38.8-324.6 38.8S-10 64.7-10 64.7V210h1620V102c-110.6-40.2-181-53.1-268.6-53.1z\"><\/path><\/svg><\/div><\/div><\/div>\n\n\n\n<div class=\"wp-block-stackable-columns alignfull stk-block-columns stk-block stk-1e6e067\" data-block-id=\"1e6e067\"><style>.stk-1e6e067 {margin-top:var(--stk--preset--spacing--50, 1.5rem) !important;margin-bottom:var(--stk--preset--spacing--40, 1rem) !important;}<\/style><div class=\"stk-row stk-inner-blocks stk-block-content stk-content-align stk-1e6e067-column\">\n<div class=\"wp-block-stackable-column stk-block-column stk-column stk-block stk-ee0230a\" data-v=\"4\" data-block-id=\"ee0230a\"><div class=\"stk-column-wrapper stk-block-column__content stk-container stk-ee0230a-container stk--no-background stk--no-padding\"><div class=\"stk-block-content stk-inner-blocks stk-ee0230a-inner-blocks\">\n<div class=\"wp-block-stackable-heading stk-block-heading stk-block-heading--v2 stk-block stk-2489ff8\" id=\"heading-placeholder\" data-block-id=\"2489ff8\"><style>@media screen and (max-width:689px){.stk-2489ff8 .stk-block-heading__text{font-size:28px !important;}}<\/style><h2 class=\"stk-block-heading__text has-text-align-center\">Flexible delivery solutions adapted to your operational needs<\/h2><\/div>\n<\/div><\/div><\/div>\n<\/div><\/div>\n\n\n\n<div class=\"wp-block-stackable-columns stk-block-columns stk-block stk-d949c9d stk-block-background\" data-block-id=\"d949c9d\"><style>.stk-d949c9d {background-color:var(--theme-palette-color-8, #ffffff) !important;}.stk-d949c9d:before{background-color:var(--theme-palette-color-8, #ffffff) !important;}.stk-d949c9d-column{--stk-column-gap:17px !important;}@media screen and (max-width:689px){.stk-d949c9d-column{row-gap:20px !important;}}<\/style><div class=\"stk-row stk-inner-blocks stk-block-content stk-content-align stk-d949c9d-column\">\n<div class=\"wp-block-stackable-column stk-block-column stk-column stk-block stk-2fae2a9 stk-block-background\" data-v=\"4\" data-block-id=\"2fae2a9\"><style>.stk-2fae2a9 {background-color:var(--theme-palette-color-6, #f2f5f7) !important;border-top-left-radius:10px !important;border-top-right-radius:10px !important;border-bottom-right-radius:10px !important;border-bottom-left-radius:10px !important;overflow:hidden !important;}.stk-2fae2a9:before{background-color:var(--theme-palette-color-6, #f2f5f7) !important;}<\/style><div class=\"stk-column-wrapper stk-block-column__content stk-container stk-2fae2a9-container stk--no-background stk--no-padding\"><div class=\"stk-block-content stk-inner-blocks stk-2fae2a9-inner-blocks\">\n<div class=\"wp-block-stackable-icon stk-block-icon has-text-align-center stk-block stk-54c3224\" data-block-id=\"54c3224\"><span class=\"stk--svg-wrapper\"><div class=\"stk--inner-svg\"><svg style=\"height:0;width:0\"><defs><lineargradient id=\"linear-gradient-54c3224\" x1=\"0\" x2=\"100%\" y1=\"0\" y2=\"0\"><stop offset=\"0%\" style=\"stop-opacity:1;stop-color:var(--linear-gradient-54-c-3224-color-1)\"><\/stop><stop offset=\"100%\" style=\"stop-opacity:1;stop-color:var(--linear-gradient-54-c-3224-color-2)\"><\/stop><\/lineargradient><\/defs><\/svg><svg xmlns=\"http:\/\/www.w3.org\/2000\/svg\" viewbox=\"0 0 640 512\" aria-hidden=\"true\" width=\"32\" height=\"32\"><path d=\"M64 32C28.7 32 0 60.7 0 96V304v80 16c0 44.2 35.8 80 80 80c26.2 0 49.4-12.6 64-32c14.6 19.4 37.8 32 64 32c44.2 0 80-35.8 80-80c0-5.5-.6-10.8-1.6-16H416h33.6c-1 5.2-1.6 10.5-1.6 16c0 44.2 35.8 80 80 80s80-35.8 80-80c0-5.5-.6-10.8-1.6-16H608c17.7 0 32-14.3 32-32V288 272 261.7c0-9.2-3.2-18.2-9-25.3l-58.8-71.8c-10.6-13-26.5-20.5-43.3-20.5H480V96c0-35.3-28.7-64-64-64H64zM585 256H480V192h48.8c2.4 0 4.7 1.1 6.2 2.9L585 256zM528 368a32 32 0 1 1 0 64 32 32 0 1 1 0-64zM176 400a32 32 0 1 1 64 0 32 32 0 1 1 -64 0zM80 368a32 32 0 1 1 0 64 32 32 0 1 1 0-64z\"\/><\/svg><\/div><\/span><\/div>\n\n\n\n<div class=\"wp-block-stackable-heading stk-block-heading stk-block-heading--v2 stk-block stk-b9bde7a\" id=\"cisternas-completas\" data-block-id=\"b9bde7a\"><style>.stk-b9bde7a {padding-top:20px !important;padding-right:20px !important;padding-bottom:20px !important;padding-left:20px !important;}.stk-b9bde7a .stk-block-heading__text{font-size:var(--stk--preset--font-size--large, 30px) !important;}@media screen and (max-width:999px){.stk-b9bde7a .stk-block-heading__text{font-size:var(--stk--preset--font-size--large, 30px) !important;}}<\/style><h3 class=\"stk-block-heading__text has-text-align-center\">Full tanker loads <\/h3><\/div>\n\n\n\n<p><strong>Bulk molasses transport in road tankers<\/strong>, ideal for large volumes.<br>Direct deliveries throughout Spain and Portugal<\/p>\n<\/div><\/div><\/div>\n\n\n\n<div class=\"wp-block-stackable-column stk-block-column stk-column stk-block stk-6a4ed55 stk-block-background\" data-v=\"4\" data-block-id=\"6a4ed55\"><style>.stk-6a4ed55 {background-color:var(--theme-palette-color-6, #f2f5f7) !important;border-top-left-radius:10px !important;border-top-right-radius:10px !important;border-bottom-right-radius:10px !important;border-bottom-left-radius:10px !important;overflow:hidden !important;}.stk-6a4ed55:before{background-color:var(--theme-palette-color-6, #f2f5f7) !important;}<\/style><div class=\"stk-column-wrapper stk-block-column__content stk-container stk-6a4ed55-container stk--no-background stk--no-padding\"><div class=\"stk-block-content stk-inner-blocks stk-6a4ed55-inner-blocks\">\n<div class=\"wp-block-stackable-icon stk-block-icon has-text-align-center stk-block stk-a521053\" data-block-id=\"a521053\"><span class=\"stk--svg-wrapper\"><div class=\"stk--inner-svg\"><svg style=\"height:0;width:0\"><defs><lineargradient id=\"linear-gradient-a521053\" x1=\"0\" x2=\"100%\" y1=\"0\" y2=\"0\"><stop offset=\"0%\" style=\"stop-opacity:1;stop-color:var(--linear-gradient-a-521053-color-1)\"><\/stop><stop offset=\"100%\" style=\"stop-opacity:1;stop-color:var(--linear-gradient-a-521053-color-2)\"><\/stop><\/lineargradient><\/defs><\/svg><svg xmlns=\"http:\/\/www.w3.org\/2000\/svg\" viewbox=\"0 0 512 512\" aria-hidden=\"true\" width=\"32\" height=\"32\"><path d=\"M64 32C28.7 32 0 60.7 0 96V416c0 35.3 28.7 64 64 64H448c35.3 0 64-28.7 64-64V96c0-35.3-28.7-64-64-64H64zm88 64v64H64V96h88zm56 0h88v64H208V96zm240 0v64H360V96h88zM64 224h88v64H64V224zm232 0v64H208V224h88zm64 0h88v64H360V224zM152 352v64H64V352h88zm56 0h88v64H208V352zm240 0v64H360V352h88z\"\/><\/svg><\/div><\/span><\/div>\n\n\n\n<div class=\"wp-block-stackable-heading stk-block-heading stk-block-heading--v2 stk-block stk-1d0a264\" id=\"ibc\" data-block-id=\"1d0a264\"><style>.stk-1d0a264 {padding-top:20px !important;padding-right:20px !important;padding-bottom:20px !important;padding-left:20px !important;}.stk-1d0a264 .stk-block-heading__text{font-size:var(--stk--preset--font-size--large, 30px) !important;}@media screen and (max-width:999px){.stk-1d0a264 .stk-block-heading__text{font-size:var(--stk--preset--font-size--large, 30px) !important;}}<\/style><h3 class=\"stk-block-heading__text has-text-align-center\">IBCs<\/h3><\/div>\n\n\n\n<p><strong>Intermediate format in 1,000 L containers.<\/strong><br>Flexible supply without requiring a full tanker load.<\/p>\n<\/div><\/div><\/div>\n\n\n\n<div class=\"wp-block-stackable-column stk-block-column stk-column stk-block stk-dba3ecb stk-block-background\" data-v=\"4\" data-block-id=\"dba3ecb\"><style>.stk-dba3ecb {align-self:center !important;background-color:var(--theme-palette-color-6, #f2f5f7) !important;border-top-left-radius:10px !important;border-top-right-radius:10px !important;border-bottom-right-radius:10px !important;border-bottom-left-radius:10px !important;overflow:hidden !important;}.stk-dba3ecb:before{background-color:var(--theme-palette-color-6, #f2f5f7) !important;}.stk-dba3ecb-container{min-height:300px !important;}@media screen and (max-width:689px){.stk-dba3ecb-container{min-height:0px !important;}}<\/style><div class=\"stk-column-wrapper stk-block-column__content stk-container stk-dba3ecb-container stk--no-background stk--no-padding\"><div class=\"has-text-align-left stk-block-content stk-inner-blocks stk-dba3ecb-inner-blocks\">\n<div class=\"wp-block-stackable-icon stk-block-icon has-text-align-center stk-block stk-b0280a0\" data-block-id=\"b0280a0\"><style>.stk-b0280a0 {margin-bottom:0px !important;}<\/style><span class=\"stk--svg-wrapper\"><div class=\"stk--inner-svg\"><svg style=\"height:0;width:0\"><defs><lineargradient id=\"linear-gradient-b0280a0\" x1=\"0\" x2=\"100%\" y1=\"0\" y2=\"0\"><stop offset=\"0%\" style=\"stop-opacity:1;stop-color:var(--linear-gradient-b-0280-a-0-color-1)\"><\/stop><stop offset=\"100%\" style=\"stop-opacity:1;stop-color:var(--linear-gradient-b-0280-a-0-color-2)\"><\/stop><\/lineargradient><\/defs><\/svg><svg xmlns=\"http:\/\/www.w3.org\/2000\/svg\" viewbox=\"0 0 576 512\" aria-hidden=\"true\" width=\"32\" height=\"32\"><path d=\"M316.9 18C311.6 7 300.4 0 288.1 0s-23.4 7-28.8 18L195 150.3 51.4 171.5c-12 1.8-22 10.2-25.7 21.7s-.7 24.2 7.9 32.7L137.8 329 113.2 474.7c-2 12 3 24.2 12.9 31.3s23 8 33.8 2.3l128.3-68.5 128.3 68.5c10.8 5.7 23.9 4.9 33.8-2.3s14.9-19.3 12.9-31.3L438.5 329 542.7 225.9c8.6-8.5 11.7-21.2 7.9-32.7s-13.7-19.9-25.7-21.7L381.2 150.3 316.9 18z\"\/><\/svg><\/div><\/span><\/div>\n\n\n\n<div class=\"wp-block-stackable-heading stk-block-heading stk-block-heading--v2 stk-block stk-12b62dc\" id=\"adaptado-a-tus-necesidades\" data-block-id=\"12b62dc\"><style>.stk-12b62dc {padding-top:20px !important;padding-right:20px !important;padding-bottom:20px !important;padding-left:20px !important;margin-bottom:0px !important;}.stk-12b62dc .stk-block-heading__text{font-size:var(--stk--preset--font-size--large, 30px) !important;}@media screen and (max-width:999px){.stk-12b62dc .stk-block-heading__text{font-size:var(--stk--preset--font-size--large, 30px) !important;}}<\/style><h3 class=\"stk-block-heading__text has-text-align-center\">Tailored to Your Needs<\/h3><\/div>\n\n\n\n<p>We adapt to <strong>different formats and logistical requirements.<\/strong><br>Speak to our team for a personalised solution.<\/p>\n<\/div><\/div><\/div>\n<\/div><\/div>\n\n\n\n<div class=\"wp-block-stackable-columns alignfull stk-block-columns stk-block stk-3f98f0e\" data-block-id=\"3f98f0e\"><style>.stk-3f98f0e {min-height:150px !important;align-items:center !important;margin-top:var(--stk--preset--spacing--20, 0.44rem) !important;margin-bottom:var(--stk--preset--spacing--none, 0px) !important;display:flex !important;}.stk-3f98f0e-column{justify-content:space-around !important;}<\/style><div class=\"stk-row stk-inner-blocks stk-block-content stk-content-align stk-3f98f0e-column stk--flex\">\n<div class=\"wp-block-stackable-column stk-block-column stk-column stk-block stk-917f56d\" data-v=\"4\" data-block-id=\"917f56d\"><style>.stk-917f56d {align-self:center !important;align-items:center !important;display:flex !important;}.stk-917f56d-inner-blocks{justify-content:space-between !important;}<\/style><div class=\"stk-column-wrapper stk-block-column__content stk-container stk-917f56d-container stk--no-background stk--no-padding\"><div class=\"stk--block-horizontal-flex stk--column-flex stk-block-content stk-inner-blocks stk-917f56d-inner-blocks\">\n<div class=\"wp-block-stackable-heading stk-block-heading stk-block-heading--v2 stk-block stk-2582f19\" id=\"heading-placeholder\" data-block-id=\"2582f19\"><style>.stk-2582f19 {align-items:center !important;max-width:500px !important;min-width:auto !important;display:flex !important;}<\/style><h4 class=\"stk-block-heading__text\">Request a Quote<\/h4><\/div>\n\n\n\n<div class=\"wp-block-stackable-button-group stk-block-button-group stk-block stk-ef650ac\" data-block-id=\"ef650ac\"><div class=\"stk-row stk-inner-blocks stk-block-content stk-button-group\">\n<div class=\"wp-block-stackable-button stk-block-button is-style-ghost stk-block stk-50691a6\" data-block-id=\"50691a6\"><style>.stk-50691a6 .stk-button{background:transparent !important;}.stk-50691a6 .stk-button:hover:after{background:transparent !important;opacity:1 !important;}:where(.stk-hover-parent:hover,  .stk-hover-parent.stk--is-hovered) .stk-50691a6 .stk-button:after{background:transparent !important;opacity:1 !important;}.stk-50691a6 .stk-button:before{border-style:solid !important;}<\/style><a class=\"stk-link stk-button stk--hover-effect-darken\" href=\"https:\/\/azalem.com\/en\/contacto\/\"><span class=\"stk-button__inner-text\">Contact Us<\/span><\/a><\/div>\n<\/div><\/div>\n<\/div><\/div><\/div>\n<\/div><\/div>\n\n\n\n<p><\/p>","protected":false},"excerpt":{"rendered":"<p>SUMINISTRO DE MELAZA \/ LOG\u00cdSTICA ALIMENTARIA \/ EXPERTOS EN MELAZA PARA PIENSOS Y M\u00c1S SUMINISTRO DE MELAZA PARA PIENSOS Y M\u00c1S Especialistas en melaza de ca\u00f1a para alimentaci\u00f3n animal e industria alimentaria Especialistas en melaza de ca\u00f1a Distribuimos melaza con entregas flexibles en cisternas o IBC y atenci\u00f3n personalizada. Solicita informaci\u00f3n Opciones de entrega adaptadas [&hellip;]<\/p>\n","protected":false},"author":1,"featured_media":0,"parent":0,"menu_order":0,"comment_status":"closed","ping_status":"closed","template":"","meta":{"footnotes":""},"class_list":["post-1619","page","type-page","status-publish","hentry"],"blocksy_meta":{"has_hero_section":"disabled","styles_descriptor":{"styles":{"desktop":"","tablet":"","mobile":""},"google_fonts":[],"version":6},"vertical_spacing_source":"custom","content_area_spacing":"none","content_style_source":"inherit"},"_links":{"self":[{"href":"https:\/\/azalem.com\/en\/wp-json\/wp\/v2\/pages\/1619","targetHints":{"allow":["GET"]}}],"collection":[{"href":"https:\/\/azalem.com\/en\/wp-json\/wp\/v2\/pages"}],"about":[{"href":"https:\/\/azalem.com\/en\/wp-json\/wp\/v2\/types\/page"}],"author":[{"embeddable":true,"href":"https:\/\/azalem.com\/en\/wp-json\/wp\/v2\/users\/1"}],"replies":[{"embeddable":true,"href":"https:\/\/azalem.com\/en\/wp-json\/wp\/v2\/comments?post=1619"}],"version-history":[{"count":95,"href":"https:\/\/azalem.com\/en\/wp-json\/wp\/v2\/pages\/1619\/revisions"}],"predecessor-version":[{"id":2056,"href":"https:\/\/azalem.com\/en\/wp-json\/wp\/v2\/pages\/1619\/revisions\/2056"}],"wp:attachment":[{"href":"https:\/\/azalem.com\/en\/wp-json\/wp\/v2\/media?parent=1619"}],"curies":[{"name":"wp","href":"https:\/\/api.w.org\/{rel}","templated":true}]}}